{"id":626,"date":"2023-07-18T08:17:15","date_gmt":"2023-07-18T08:17:15","guid":{"rendered":"https:\/\/cool-austin.146-59-18-177.plesk.page\/?page_id=626"},"modified":"2024-03-28T12:32:21","modified_gmt":"2024-03-28T12:32:21","slug":"kontakt","status":"publish","type":"page","link":"https:\/\/dazzling-cori.146-59-18-177.plesk.page\/en\/kontakt\/","title":{"rendered":"Kontakt"},"content":{"rendered":"<section class=\"wp-block-group\"><div class=\"wp-block-group__inner-container is-layout-constrained wp-block-group-is-layout-constrained\">\n<h1 class=\"wp-block-heading\">Kontakt<\/h1>\n\n\n\n<h2 class=\"wp-block-heading\">Dane teleadresowe<\/h2>\n\n\n\n<h4 class=\"wp-block-heading\">Biuro obs\u0142ugi klienta<\/h4>\n\n\n\n<figure class=\"wp-block-image\"><img decoding=\"async\" src=\"https:\/\/gpph-group.com\/wp-content\/uploads\/2023\/09\/gpph_standard_logo.png\" alt=\"GPPH LOGO\"\/><\/figure>\n\n\n\n<p>BOK jest dost\u0119pny od poniedzia\u0142ku do pi\u0105tku w godzinach <strong>7:00 &#8211; 15:00<\/strong><br>(UTC +1:00)<\/p>\n\n\n\n<p>+48 573-568-355<br>GPPH@GPPH.pl<\/p>\n\n\n\n<h5 class=\"wp-block-heading\">Dane do faktury<\/h5>\n\n\n\n<ul class=\"wp-block-list\">\n<li>GPPH SP\u00d3\u0141KA CYWILNA K. RZE\u0179NIK, W. PIECHOTA<\/li>\n\n\n\n<li>ul. Rac\u0142awicka 7, 39-300 Mielec<\/li>\n\n\n\n<li>NIP: 817-21-85-047<\/li>\n<\/ul>\n\n\n\n<h4 class=\"wp-block-heading\">ul. Rac\u0142awicka 7, 39-300 Mielec<\/h4>\n\n\n\n<ul class=\"wp-block-list\">\n<li>Produkcja<\/li>\n\n\n\n<li>Biuro zarz\u0105du<\/li>\n\n\n\n<li>Dzia\u0142 administracji<\/li>\n<\/ul>\n\n\n\n<h5 class=\"wp-block-heading\">ul. Rac\u0142awicka 6, 39-300 Mielec<\/h5>\n\n\n\n<ul class=\"wp-block-list\">\n<li>Showroom<\/li>\n\n\n\n<li>Magazyn<\/li>\n\n\n\n<li>Dzia\u0142 handlowy<\/li>\n\n\n\n<li>Dzia\u0142 marketingu<\/li>\n<\/ul>\n\n\n\n<h2 class=\"wp-block-heading\">Formularz<\/h2>\n<\/div><\/section>\n\n\n\n<section class=\"wp-block-group\"><div class=\"wp-block-group__inner-container is-layout-constrained wp-block-group-is-layout-constrained\">\n<h2 class=\"wp-block-heading\">Dzia\u0142 handlowy<\/h2>\n\n\n\n<h2 class=\"wp-block-heading\">Dzia\u0142 marketingu<\/h2>\n\n\n\n<h2 class=\"wp-block-heading\">Dzia\u0142 produkcyjny<\/h2>\n\n\n\n<h2 class=\"wp-block-heading\">Dzia\u0142 rekrutacji<\/h2>\n\n\n\n<h2 class=\"wp-block-heading\">Dzia\u0142 zakup\u00f3w<\/h2>\n\n\n\n<h2 class=\"wp-block-heading\">Dzia\u0142 logistyki<\/h2>\n\n\n\n<h2 class=\"wp-block-heading\">Zarz\u0105d<\/h2>\n<\/div><\/section>\n\n\n\n<section class=\"wp-block-group\"><div class=\"wp-block-group__inner-container is-layout-constrained wp-block-group-is-layout-constrained\">\n<p><iframe title=\"GPPH\" src=\"https:\/\/maps.google.com\/maps?q=GPPH&amp;t=m&amp;z=15&amp;output=embed&amp;iwloc=near\" aria-label=\"GPPH\"><\/iframe><\/p>\n<\/div><\/section>\n\n\n\n<div class=\"wp-block-group\"><div class=\"wp-block-group__inner-container is-layout-constrained wp-block-group-is-layout-constrained\">\n<!-- Slider main container -->\n<div class=\"swiper\">\n  <!-- Additional required wrapper -->\n  <div class=\"swiper-wrapper\">\n    <!-- Slides -->\n    <div class=\"swiper-slide\">Slide 1<\/div>\n    <div class=\"swiper-slide\">Slide 2<\/div>\n    <div class=\"swiper-slide\">Slide 3<\/div>\n    &#8230;\n  <\/div>\n  <!-- If we need pagination -->\n  <div class=\"swiper-pagination\"><\/div>\n\n  <!-- If we need navigation buttons -->\n  <div class=\"swiper-button-prev\"><\/div>\n  <div class=\"swiper-button-next\"><\/div>\n<\/div>\n\n<script defer>\n(()=>{\nconst swiper = new Swiper('.swiper', {\n \n  loop: true,\n\n  \/\/ If we need pagination\n  pagination: {\n    el: '.swiper-pagination',\n  },\n\n  \/\/ Navigation arrows\n  navigation: {\n    nextEl: '.swiper-button-next',\n    prevEl: '.swiper-button-prev',\n  },\n});\n\n})();\n<\/script>\n<style>\n.swiper {\n  width: 600px;\n  height: 300px;\n}\n\n<\/style>\n<\/div><\/div>","protected":false},"excerpt":{"rendered":"<p>Kontakt Dane teleadresowe Biuro obs\u0142ugi klienta BOK jest dost\u0119pny od poniedzia\u0142ku do pi\u0105tku w godzinach 7:00 &#8211; 15:00(UTC +1:00) +48 573-568-355GPPH@GPPH.pl Dane do faktury ul. Rac\u0142awicka 7, 39-300 Mielec ul. Rac\u0142awicka 6, 39-300 Mielec Formularz Dzia\u0142 handlowy Dzia\u0142 marketingu Dzia\u0142 produkcyjny Dzia\u0142 rekrutacji Dzia\u0142 zakup\u00f3w Dzia\u0142 logistyki Zarz\u0105d Slide 1 Slide 2 Slide 3 &#8230;<\/p>","protected":false},"author":1,"featured_media":0,"parent":0,"menu_order":0,"comment_status":"closed","ping_status":"closed","template":"","meta":{"_acf_changed":false,"footnotes":""},"class_list":["post-626","page","type-page","status-publish","hentry"],"acf":[],"_links":{"self":[{"href":"https:\/\/dazzling-cori.146-59-18-177.plesk.page\/en\/wp-json\/wp\/v2\/pages\/626","targetHints":{"allow":["GET"]}}],"collection":[{"href":"https:\/\/dazzling-cori.146-59-18-177.plesk.page\/en\/wp-json\/wp\/v2\/pages"}],"about":[{"href":"https:\/\/dazzling-cori.146-59-18-177.plesk.page\/en\/wp-json\/wp\/v2\/types\/page"}],"author":[{"embeddable":true,"href":"https:\/\/dazzling-cori.146-59-18-177.plesk.page\/en\/wp-json\/wp\/v2\/users\/1"}],"replies":[{"embeddable":true,"href":"https:\/\/dazzling-cori.146-59-18-177.plesk.page\/en\/wp-json\/wp\/v2\/comments?post=626"}],"version-history":[{"count":10,"href":"https:\/\/dazzling-cori.146-59-18-177.plesk.page\/en\/wp-json\/wp\/v2\/pages\/626\/revisions"}],"predecessor-version":[{"id":6540,"href":"https:\/\/dazzling-cori.146-59-18-177.plesk.page\/en\/wp-json\/wp\/v2\/pages\/626\/revisions\/6540"}],"wp:attachment":[{"href":"https:\/\/dazzling-cori.146-59-18-177.plesk.page\/en\/wp-json\/wp\/v2\/media?parent=626"}],"curies":[{"name":"wp","href":"https:\/\/api.w.org\/{rel}","templated":true}]}}